{"id":142,"date":"2021-03-12T10:44:42","date_gmt":"2021-03-12T10:44:42","guid":{"rendered":"http:\/\/nellsteel.dem-serviceplus.com\/index.php\/services\/"},"modified":"2026-01-08T00:18:02","modified_gmt":"2026-01-08T00:18:02","slug":"services","status":"publish","type":"page","link":"https:\/\/nellsteel.dem-serviceplus.com\/index.php\/services\/","title":{"rendered":"Services"},"content":{"rendered":"\t\t<div data-elementor-type=\"wp-page\" data-elementor-id=\"142\" class=\"elementor elementor-142\">\n\t\t\t\t<div class=\"aux-parallax-section elementor-element elementor-element-010364c e-flex e-con-boxed e-con e-parent\" data-id=\"010364c\" data-element_type=\"container\">\n\t\t\t\t\t<div class=\"e-con-inner\">\n\t\t<div class=\"elementor-element elementor-element-9b8c43d e-con-full e-flex e-con e-child\" data-id=\"9b8c43d\" data-element_type=\"container\">\n\t\t<div class=\"elementor-element elementor-element-1574951 e-con-full e-flex e-con e-child\" data-id=\"1574951\" data-element_type=\"container\">\n\t\t<div class=\"elementor-element elementor-element-14fa62a e-con-full e-flex e-con e-child\" data-id=\"14fa62a\" data-element_type=\"container\">\n\t\t\t\t<div class=\"elementor-element elementor-element-917ec0a elementor-widget__width-auto aux-appear-watch-animation aux-fade-in-left-1 elementor-widget-divider--view-line elementor-widget elementor-widget-divider\" data-id=\"917ec0a\" data-element_type=\"widget\" data-widget_type=\"divider.default\">\n\t\t\t\t<div class=\"elementor-widget-container\">\n\t\t\t\t\t\t\t<div class=\"elementor-divider\">\n\t\t\t<span class=\"elementor-divider-separator\">\n\t\t\t\t\t\t<\/span>\n\t\t<\/div>\n\t\t\t\t\t\t<\/div>\n\t\t\t\t<\/div>\n\t\t\t\t<div class=\"elementor-element elementor-element-3f57bb7 elementor-widget__width-auto aux-appear-watch-animation aux-fade-in-right-1 elementor-widget elementor-widget-heading\" data-id=\"3f57bb7\" data-element_type=\"widget\" data-widget_type=\"heading.default\">\n\t\t\t\t<div class=\"elementor-widget-container\">\n\t\t\t\t\t<h4 class=\"elementor-heading-title elementor-size-default\">Principaux services<\/h4>\t\t\t\t<\/div>\n\t\t\t\t<\/div>\n\t\t\t\t<\/div>\n\t\t\t\t<\/div>\n\t\t\t\t<div class=\"elementor-element elementor-element-5f00b5e aux-appear-watch-animation aux-fade-in-up elementor-widget elementor-widget-aux_modern_heading\" data-id=\"5f00b5e\" data-element_type=\"widget\" data-widget_type=\"aux_modern_heading.default\">\n\t\t\t\t<div class=\"elementor-widget-container\">\n\t\t\t\t\t<section class=\"aux-widget-modern-heading\">\n            <div class=\"aux-widget-inner\"><h2 class=\"aux-modern-heading-primary\">Nos domaines <\/h2><\/div>\n        <\/section>\t\t\t\t<\/div>\n\t\t\t\t<\/div>\n\t\t\t\t<\/div>\n\t\t\t\t\t<\/div>\n\t\t\t\t<\/div>\n\t\t<div class=\"aux-parallax-section elementor-element elementor-element-be4fbde e-flex e-con-boxed e-con e-parent\" data-id=\"be4fbde\" data-element_type=\"container\">\n\t\t\t\t\t<div class=\"e-con-inner\">\n\t\t\t\t<div class=\"elementor-element elementor-element-8c5a5d0 elementor-widget elementor-widget-text-editor\" data-id=\"8c5a5d0\" data-element_type=\"widget\" data-widget_type=\"text-editor.default\">\n\t\t\t\t<div class=\"elementor-widget-container\">\n\t\t\t\t\t\t\t\t\tNotre unit\u00e9 de fa\u00e7onnage a \u00e9t\u00e9 impl\u00e9ment\u00e9e dans le but de r\u00e9pondre aux besoins de nos clients soucieux d\u2019un travail de construction s\u00fbre et efficient. Sur la base de votre plan de ferraillage, nous r\u00e9aliserons toutes vos structures m\u00e9talliques. Vous n\u2019en disposez pas ? Pas d\u2019inqui\u00e9tudes, sur la base de votre plan b\u00e9ton arm\u00e9 (BA), nos ing\u00e9nieurs vous concevront un plan de ferrailage que nous ex\u00e9cuterons, une fois l\u2019offre commerciale valid\u00e9e par vos soins.\n\nNous vous offrons Un service sur mesure vous garantissant une maitrise de vos co\u00fbts (stockage, s\u00e9curit\u00e9, taux de chute, rotation de stocks, )\t\t\t\t\t\t\t\t<\/div>\n\t\t\t\t<\/div>\n\t\t\t\t\t<\/div>\n\t\t\t\t<\/div>\n\t\t<div class=\"aux-parallax-section elementor-element elementor-element-f7d7cea e-flex e-con-boxed e-con e-parent\" data-id=\"f7d7cea\" data-element_type=\"container\">\n\t\t\t\t\t<div class=\"e-con-inner\">\n\t\t\t\t<div class=\"elementor-element elementor-element-f27cf46 elementor-widget elementor-widget-image\" data-id=\"f27cf46\" data-element_type=\"widget\" data-widget_type=\"image.default\">\n\t\t\t\t<div class=\"elementor-widget-container\">\n\t\t\t\t\t\t\t\t\t\t\t\t\t\t\t<img fetchpriority=\"high\" decoding=\"async\" width=\"605\" height=\"331\" src=\"http:\/\/nellsteel.dem-serviceplus.com\/wp-content\/uploads\/2026\/01\/Capture_d_ecran_2024-01-11_122452-removebg-preview.png\" class=\"attachment-large size-large wp-image-297\" alt=\"\" srcset=\"http:\/\/nellsteel.dem-serviceplus.com\/wp-content\/uploads\/2026\/01\/Capture_d_ecran_2024-01-11_122452-removebg-preview.png 605w, http:\/\/nellsteel.dem-serviceplus.com\/wp-content\/uploads\/2026\/01\/Capture_d_ecran_2024-01-11_122452-removebg-preview-200x109.png 200w\" sizes=\"(max-width: 605px) 100vw, 605px\" \/>\t\t\t\t\t\t\t\t\t\t\t\t\t\t\t<\/div>\n\t\t\t\t<\/div>\n\t\t\t\t\t<\/div>\n\t\t\t\t<\/div>\n\t\t<div class=\"aux-parallax-section elementor-element elementor-element-0cb53de e-flex e-con-boxed e-con e-parent\" data-id=\"0cb53de\" data-element_type=\"container\">\n\t\t\t\t\t<div class=\"e-con-inner\">\n\t\t\t\t<div class=\"elementor-element elementor-element-51d673c elementor-widget elementor-widget-spacer\" data-id=\"51d673c\" data-element_type=\"widget\" data-widget_type=\"spacer.default\">\n\t\t\t\t<div class=\"elementor-widget-container\">\n\t\t\t\t\t\t\t<div class=\"elementor-spacer\">\n\t\t\t<div class=\"elementor-spacer-inner\"><\/div>\n\t\t<\/div>\n\t\t\t\t\t\t<\/div>\n\t\t\t\t<\/div>\n\t\t\t\t\t<\/div>\n\t\t\t\t<\/div>\n\t\t<div class=\"aux-parallax-section elementor-element elementor-element-30257a8 e-flex e-con-boxed e-con e-parent\" data-id=\"30257a8\" data-element_type=\"container\">\n\t\t\t\t\t<div class=\"e-con-inner\">\n\t\t\t\t<div class=\"elementor-element elementor-element-67a6dd9 elementor-widget elementor-widget-heading\" data-id=\"67a6dd9\" data-element_type=\"widget\" data-widget_type=\"heading.default\">\n\t\t\t\t<div class=\"elementor-widget-container\">\n\t\t\t\t\t<h2 class=\"elementor-heading-title elementor-size-default\">Bureau d'\u00e9tudes\n<\/h2>\t\t\t\t<\/div>\n\t\t\t\t<\/div>\n\t\t\t\t\t<\/div>\n\t\t\t\t<\/div>\n\t\t<div class=\"aux-parallax-section elementor-element elementor-element-bad1884 e-flex e-con-boxed e-con e-parent\" data-id=\"bad1884\" data-element_type=\"container\">\n\t\t\t\t\t<div class=\"e-con-inner\">\n\t\t<div class=\"elementor-element elementor-element-ea83727 e-con-full e-flex e-con e-child\" data-id=\"ea83727\" data-element_type=\"container\" data-settings=\"{&quot;background_background&quot;:&quot;classic&quot;}\">\n\t\t<div class=\"elementor-element elementor-element-ec5cc20 aux-video e-con-full e-flex e-con e-child\" data-id=\"ec5cc20\" data-element_type=\"container\">\n\t\t\t\t<div class=\"elementor-element elementor-element-6526508 aux-appear-watch-animation aux-scale-down elementor-widget elementor-widget-image\" data-id=\"6526508\" data-element_type=\"widget\" data-widget_type=\"image.default\">\n\t\t\t\t<div class=\"elementor-widget-container\">\n\t\t\t\t\t\t\t\t\t\t\t\t\t\t\t<img decoding=\"async\" width=\"493\" height=\"703\" src=\"http:\/\/nellsteel.dem-serviceplus.com\/wp-content\/uploads\/2026\/01\/Capture-decran-2024-01-11-115748.png\" class=\"attachment-full size-full wp-image-299\" alt=\"\" srcset=\"http:\/\/nellsteel.dem-serviceplus.com\/wp-content\/uploads\/2026\/01\/Capture-decran-2024-01-11-115748.png 493w, http:\/\/nellsteel.dem-serviceplus.com\/wp-content\/uploads\/2026\/01\/Capture-decran-2024-01-11-115748-200x285.png 200w\" sizes=\"(max-width: 493px) 100vw, 493px\" \/>\t\t\t\t\t\t\t\t\t\t\t\t\t\t\t<\/div>\n\t\t\t\t<\/div>\n\t\t\t\t<div class=\"elementor-element elementor-element-16c5977 elementor-widget__width-auto aux-appear-watch-animation aux-mask-from-bot elementor-widget elementor-widget-image\" data-id=\"16c5977\" data-element_type=\"widget\" data-widget_type=\"image.default\">\n\t\t\t\t<div class=\"elementor-widget-container\">\n\t\t\t\t\t\t\t\t\t\t\t\t\t\t\t<img decoding=\"async\" width=\"82\" height=\"81\" src=\"http:\/\/nellsteel.dem-serviceplus.com\/wp-content\/uploads\/2021\/03\/Line-5.png\" class=\"attachment-full size-full wp-image-73\" alt=\"\" \/>\t\t\t\t\t\t\t\t\t\t\t\t\t\t\t<\/div>\n\t\t\t\t<\/div>\n\t\t\t\t<div class=\"elementor-element elementor-element-dd219d5 elementor-widget__width-auto aux-appear-watch-animation aux-mask-from-bot elementor-widget elementor-widget-image\" data-id=\"dd219d5\" data-element_type=\"widget\" data-widget_type=\"image.default\">\n\t\t\t\t<div class=\"elementor-widget-container\">\n\t\t\t\t\t\t\t\t\t\t\t\t\t\t\t<img decoding=\"async\" width=\"82\" height=\"81\" src=\"http:\/\/nellsteel.dem-serviceplus.com\/wp-content\/uploads\/2021\/03\/Line-5.png\" class=\"attachment-full size-full wp-image-73\" alt=\"\" \/>\t\t\t\t\t\t\t\t\t\t\t\t\t\t\t<\/div>\n\t\t\t\t<\/div>\n\t\t\t\t<\/div>\n\t\t<div class=\"elementor-element elementor-element-d133f43 aux-progress e-con-full e-flex e-con e-child\" data-id=\"d133f43\" data-element_type=\"container\">\n\t\t\t\t<div class=\"elementor-element elementor-element-0ba1fc0 aux-appear-watch-animation aux-fade-in-up elementor-widget elementor-widget-aux_progressbar\" data-id=\"0ba1fc0\" data-element_type=\"widget\" data-widget_type=\"aux_progressbar.default\">\n\t\t\t\t<div class=\"elementor-widget-container\">\n\t\t\t\t\t<section class=\"widget-container aux-widget-progressbar aux-parent-au37fa4e49\" style=\"\" ><div class=\"aux-progressbar-container\"><h4 class=\"aux-progressbar-title\"><i class=\"aux-progressbar-icon \"><\/i>Plan de Ferraillage<\/h4><div class=\"aux-progressbar-svg \"><span class=\"aux-progressbar-value\" style=\"left:80%\">80%<\/span><div class='aux-outer-background' style='height: 10px;'><div class='aux-inner-background' style='top:0px;width:80%;height:10px;'><\/div><\/div><\/div><\/div><\/section><!-- widget-container -->\t\t\t\t<\/div>\n\t\t\t\t<\/div>\n\t\t\t\t<div class=\"elementor-element elementor-element-c785ce3 aux-appear-watch-animation aux-fade-in-up elementor-widget elementor-widget-aux_progressbar\" data-id=\"c785ce3\" data-element_type=\"widget\" data-widget_type=\"aux_progressbar.default\">\n\t\t\t\t<div class=\"elementor-widget-container\">\n\t\t\t\t\t<section class=\"widget-container aux-widget-progressbar aux-parent-au702c4c8d\" style=\"\" ><div class=\"aux-progressbar-container\"><h4 class=\"aux-progressbar-title\"><i class=\"aux-progressbar-icon \"><\/i>Plan Architectural<\/h4><div class=\"aux-progressbar-svg \"><span class=\"aux-progressbar-value\" style=\"left:70%\">70%<\/span><div class='aux-outer-background' style='height: 10px;'><div class='aux-inner-background' style='top:0px;width:70%;height:10px;'><\/div><\/div><\/div><\/div><\/section><!-- widget-container -->\t\t\t\t<\/div>\n\t\t\t\t<\/div>\n\t\t\t\t<div class=\"elementor-element elementor-element-fc23106 aux-appear-watch-animation aux-fade-in-up elementor-widget elementor-widget-aux_progressbar\" data-id=\"fc23106\" data-element_type=\"widget\" data-widget_type=\"aux_progressbar.default\">\n\t\t\t\t<div class=\"elementor-widget-container\">\n\t\t\t\t\t<section class=\"widget-container aux-widget-progressbar aux-parent-au1d0b2c25\" style=\"\" ><div class=\"aux-progressbar-container\"><h4 class=\"aux-progressbar-title\"><i class=\"aux-progressbar-icon \"><\/i>Maquette 3D<\/h4><div class=\"aux-progressbar-svg \"><span class=\"aux-progressbar-value\" style=\"left:90%\">90%<\/span><div class='aux-outer-background' style='height: 10px;'><div class='aux-inner-background' style='top:0px;width:90%;height:10px;'><\/div><\/div><\/div><\/div><\/section><!-- widget-container -->\t\t\t\t<\/div>\n\t\t\t\t<\/div>\n\t\t\t\t<div class=\"elementor-element elementor-element-b142631 aux-appear-watch-animation aux-fade-in-up elementor-widget elementor-widget-text-editor\" data-id=\"b142631\" data-element_type=\"widget\" data-widget_type=\"text-editor.default\">\n\t\t\t\t<div class=\"elementor-widget-container\">\n\t\t\t\t\t\t\t\t\tNELLSTEEL offre une gamme compl\u00e8te de produits d\u2019acier. Le processus de production s\u2019appuie sur l\u2019emploi de mati\u00e8res premi\u00e8res de haute qualit\u00e9, contr\u00f4l\u00e9es rigoureusement et permettant la r\u00e9alisation d\u2019\u00e9l\u00e9ments de qualit\u00e9.\n\n\n\n\t\t\t\t\t\t\t\t<\/div>\n\t\t\t\t<\/div>\n\t\t\t\t<\/div>\n\t\t\t\t<\/div>\n\t\t\t\t\t<\/div>\n\t\t\t\t<\/div>\n\t\t\t\t<\/div>\n\t\t","protected":false},"excerpt":{"rendered":"<p>Principaux services Nos domaines Notre unit\u00e9 de fa\u00e7onnage a \u00e9t\u00e9 impl\u00e9ment\u00e9e dans le but de r\u00e9pondre aux besoins de nos clients soucieux d\u2019un travail de construction s\u00fbre et efficient. Sur la base de votre plan de ferraillage, nous r\u00e9aliserons toutes vos structures m\u00e9talliques. Vous n\u2019en disposez pas ? Pas d\u2019inqui\u00e9tudes, sur la base de votre [&hellip;]<\/p>\n","protected":false},"author":1,"featured_media":0,"parent":0,"menu_order":0,"comment_status":"closed","ping_status":"closed","template":"templates\/page-builder-content.php","meta":{"content-type":"","footnotes":""},"class_list":["post-142","page","type-page","status-publish","hentry"],"yoast_head":"<!-- This site is optimized with the Yoast SEO plugin v26.6 - https:\/\/yoast.com\/wordpress\/plugins\/seo\/ -->\n<title>Services - Nell Steel<\/title>\n<meta name=\"robots\" content=\"index, follow, max-snippet:-1, max-image-preview:large, max-video-preview:-1\" \/>\n<link rel=\"canonical\" href=\"http:\/\/nellsteel.dem-serviceplus.com\/index.php\/services\/\" \/>\n<meta property=\"og:locale\" content=\"en_US\" \/>\n<meta property=\"og:type\" content=\"article\" \/>\n<meta property=\"og:title\" content=\"Services - Nell Steel\" \/>\n<meta property=\"og:description\" content=\"Principaux services Nos domaines Notre unit\u00e9 de fa\u00e7onnage a \u00e9t\u00e9 impl\u00e9ment\u00e9e dans le but de r\u00e9pondre aux besoins de nos clients soucieux d\u2019un travail de construction s\u00fbre et efficient. Sur la base de votre plan de ferraillage, nous r\u00e9aliserons toutes vos structures m\u00e9talliques. Vous n\u2019en disposez pas ? Pas d\u2019inqui\u00e9tudes, sur la base de votre [&hellip;]\" \/>\n<meta property=\"og:url\" content=\"http:\/\/nellsteel.dem-serviceplus.com\/index.php\/services\/\" \/>\n<meta property=\"og:site_name\" content=\"Nell Steel\" \/>\n<meta property=\"article:modified_time\" content=\"2026-01-08T00:18:02+00:00\" \/>\n<meta property=\"og:image\" content=\"http:\/\/nellsteel.dem-serviceplus.com\/wp-content\/uploads\/2026\/01\/Capture_d_ecran_2024-01-11_122452-removebg-preview.png\" \/>\n<meta name=\"twitter:card\" content=\"summary_large_image\" \/>\n<meta name=\"twitter:label1\" content=\"Est. reading time\" \/>\n\t<meta name=\"twitter:data1\" content=\"2 minutes\" \/>\n<script type=\"application\/ld+json\" class=\"yoast-schema-graph\">{\"@context\":\"https:\/\/schema.org\",\"@graph\":[{\"@type\":\"WebPage\",\"@id\":\"http:\/\/nellsteel.dem-serviceplus.com\/index.php\/services\/\",\"url\":\"http:\/\/nellsteel.dem-serviceplus.com\/index.php\/services\/\",\"name\":\"Services - Nell Steel\",\"isPartOf\":{\"@id\":\"http:\/\/nellsteel.dem-serviceplus.com\/#website\"},\"primaryImageOfPage\":{\"@id\":\"http:\/\/nellsteel.dem-serviceplus.com\/index.php\/services\/#primaryimage\"},\"image\":{\"@id\":\"http:\/\/nellsteel.dem-serviceplus.com\/index.php\/services\/#primaryimage\"},\"thumbnailUrl\":\"http:\/\/nellsteel.dem-serviceplus.com\/wp-content\/uploads\/2026\/01\/Capture_d_ecran_2024-01-11_122452-removebg-preview.png\",\"datePublished\":\"2021-03-12T10:44:42+00:00\",\"dateModified\":\"2026-01-08T00:18:02+00:00\",\"breadcrumb\":{\"@id\":\"http:\/\/nellsteel.dem-serviceplus.com\/index.php\/services\/#breadcrumb\"},\"inLanguage\":\"en-US\",\"potentialAction\":[{\"@type\":\"ReadAction\",\"target\":[\"http:\/\/nellsteel.dem-serviceplus.com\/index.php\/services\/\"]}]},{\"@type\":\"ImageObject\",\"inLanguage\":\"en-US\",\"@id\":\"http:\/\/nellsteel.dem-serviceplus.com\/index.php\/services\/#primaryimage\",\"url\":\"https:\/\/nellsteel.dem-serviceplus.com\/wp-content\/uploads\/2026\/01\/Capture_d_ecran_2024-01-11_122452-removebg-preview.png\",\"contentUrl\":\"https:\/\/nellsteel.dem-serviceplus.com\/wp-content\/uploads\/2026\/01\/Capture_d_ecran_2024-01-11_122452-removebg-preview.png\",\"width\":605,\"height\":331},{\"@type\":\"BreadcrumbList\",\"@id\":\"http:\/\/nellsteel.dem-serviceplus.com\/index.php\/services\/#breadcrumb\",\"itemListElement\":[{\"@type\":\"ListItem\",\"position\":1,\"name\":\"Home\",\"item\":\"http:\/\/nellsteel.dem-serviceplus.com\/\"},{\"@type\":\"ListItem\",\"position\":2,\"name\":\"Services\"}]},{\"@type\":\"WebSite\",\"@id\":\"http:\/\/nellsteel.dem-serviceplus.com\/#website\",\"url\":\"http:\/\/nellsteel.dem-serviceplus.com\/\",\"name\":\"Nell Steel\",\"description\":\"Une R\u00e9f\u00e9rence en Acier\",\"publisher\":{\"@id\":\"http:\/\/nellsteel.dem-serviceplus.com\/#organization\"},\"potentialAction\":[{\"@type\":\"SearchAction\",\"target\":{\"@type\":\"EntryPoint\",\"urlTemplate\":\"http:\/\/nellsteel.dem-serviceplus.com\/?s={search_term_string}\"},\"query-input\":{\"@type\":\"PropertyValueSpecification\",\"valueRequired\":true,\"valueName\":\"search_term_string\"}}],\"inLanguage\":\"en-US\"},{\"@type\":\"Organization\",\"@id\":\"http:\/\/nellsteel.dem-serviceplus.com\/#organization\",\"name\":\"Nell Steel\",\"url\":\"http:\/\/nellsteel.dem-serviceplus.com\/\",\"logo\":{\"@type\":\"ImageObject\",\"inLanguage\":\"en-US\",\"@id\":\"http:\/\/nellsteel.dem-serviceplus.com\/#\/schema\/logo\/image\/\",\"url\":\"https:\/\/nellsteel.dem-serviceplus.com\/wp-content\/uploads\/2026\/01\/cropped-logo-5.png\",\"contentUrl\":\"https:\/\/nellsteel.dem-serviceplus.com\/wp-content\/uploads\/2026\/01\/cropped-logo-5.png\",\"width\":287,\"height\":52,\"caption\":\"Nell Steel\"},\"image\":{\"@id\":\"http:\/\/nellsteel.dem-serviceplus.com\/#\/schema\/logo\/image\/\"}}]}<\/script>\n<!-- \/ Yoast SEO plugin. -->","yoast_head_json":{"title":"Services - Nell Steel","robots":{"index":"index","follow":"follow","max-snippet":"max-snippet:-1","max-image-preview":"max-image-preview:large","max-video-preview":"max-video-preview:-1"},"canonical":"http:\/\/nellsteel.dem-serviceplus.com\/index.php\/services\/","og_locale":"en_US","og_type":"article","og_title":"Services - Nell Steel","og_description":"Principaux services Nos domaines Notre unit\u00e9 de fa\u00e7onnage a \u00e9t\u00e9 impl\u00e9ment\u00e9e dans le but de r\u00e9pondre aux besoins de nos clients soucieux d\u2019un travail de construction s\u00fbre et efficient. Sur la base de votre plan de ferraillage, nous r\u00e9aliserons toutes vos structures m\u00e9talliques. Vous n\u2019en disposez pas ? Pas d\u2019inqui\u00e9tudes, sur la base de votre [&hellip;]","og_url":"http:\/\/nellsteel.dem-serviceplus.com\/index.php\/services\/","og_site_name":"Nell Steel","article_modified_time":"2026-01-08T00:18:02+00:00","og_image":[{"url":"http:\/\/nellsteel.dem-serviceplus.com\/wp-content\/uploads\/2026\/01\/Capture_d_ecran_2024-01-11_122452-removebg-preview.png","type":"","width":"","height":""}],"twitter_card":"summary_large_image","twitter_misc":{"Est. reading time":"2 minutes"},"schema":{"@context":"https:\/\/schema.org","@graph":[{"@type":"WebPage","@id":"http:\/\/nellsteel.dem-serviceplus.com\/index.php\/services\/","url":"http:\/\/nellsteel.dem-serviceplus.com\/index.php\/services\/","name":"Services - Nell Steel","isPartOf":{"@id":"http:\/\/nellsteel.dem-serviceplus.com\/#website"},"primaryImageOfPage":{"@id":"http:\/\/nellsteel.dem-serviceplus.com\/index.php\/services\/#primaryimage"},"image":{"@id":"http:\/\/nellsteel.dem-serviceplus.com\/index.php\/services\/#primaryimage"},"thumbnailUrl":"http:\/\/nellsteel.dem-serviceplus.com\/wp-content\/uploads\/2026\/01\/Capture_d_ecran_2024-01-11_122452-removebg-preview.png","datePublished":"2021-03-12T10:44:42+00:00","dateModified":"2026-01-08T00:18:02+00:00","breadcrumb":{"@id":"http:\/\/nellsteel.dem-serviceplus.com\/index.php\/services\/#breadcrumb"},"inLanguage":"en-US","potentialAction":[{"@type":"ReadAction","target":["http:\/\/nellsteel.dem-serviceplus.com\/index.php\/services\/"]}]},{"@type":"ImageObject","inLanguage":"en-US","@id":"http:\/\/nellsteel.dem-serviceplus.com\/index.php\/services\/#primaryimage","url":"https:\/\/nellsteel.dem-serviceplus.com\/wp-content\/uploads\/2026\/01\/Capture_d_ecran_2024-01-11_122452-removebg-preview.png","contentUrl":"https:\/\/nellsteel.dem-serviceplus.com\/wp-content\/uploads\/2026\/01\/Capture_d_ecran_2024-01-11_122452-removebg-preview.png","width":605,"height":331},{"@type":"BreadcrumbList","@id":"http:\/\/nellsteel.dem-serviceplus.com\/index.php\/services\/#breadcrumb","itemListElement":[{"@type":"ListItem","position":1,"name":"Home","item":"http:\/\/nellsteel.dem-serviceplus.com\/"},{"@type":"ListItem","position":2,"name":"Services"}]},{"@type":"WebSite","@id":"http:\/\/nellsteel.dem-serviceplus.com\/#website","url":"http:\/\/nellsteel.dem-serviceplus.com\/","name":"Nell Steel","description":"Une R\u00e9f\u00e9rence en Acier","publisher":{"@id":"http:\/\/nellsteel.dem-serviceplus.com\/#organization"},"potentialAction":[{"@type":"SearchAction","target":{"@type":"EntryPoint","urlTemplate":"http:\/\/nellsteel.dem-serviceplus.com\/?s={search_term_string}"},"query-input":{"@type":"PropertyValueSpecification","valueRequired":true,"valueName":"search_term_string"}}],"inLanguage":"en-US"},{"@type":"Organization","@id":"http:\/\/nellsteel.dem-serviceplus.com\/#organization","name":"Nell Steel","url":"http:\/\/nellsteel.dem-serviceplus.com\/","logo":{"@type":"ImageObject","inLanguage":"en-US","@id":"http:\/\/nellsteel.dem-serviceplus.com\/#\/schema\/logo\/image\/","url":"https:\/\/nellsteel.dem-serviceplus.com\/wp-content\/uploads\/2026\/01\/cropped-logo-5.png","contentUrl":"https:\/\/nellsteel.dem-serviceplus.com\/wp-content\/uploads\/2026\/01\/cropped-logo-5.png","width":287,"height":52,"caption":"Nell Steel"},"image":{"@id":"http:\/\/nellsteel.dem-serviceplus.com\/#\/schema\/logo\/image\/"}}]}},"_links":{"self":[{"href":"https:\/\/nellsteel.dem-serviceplus.com\/index.php\/wp-json\/wp\/v2\/pages\/142","targetHints":{"allow":["GET"]}}],"collection":[{"href":"https:\/\/nellsteel.dem-serviceplus.com\/index.php\/wp-json\/wp\/v2\/pages"}],"about":[{"href":"https:\/\/nellsteel.dem-serviceplus.com\/index.php\/wp-json\/wp\/v2\/types\/page"}],"author":[{"embeddable":true,"href":"https:\/\/nellsteel.dem-serviceplus.com\/index.php\/wp-json\/wp\/v2\/users\/1"}],"replies":[{"embeddable":true,"href":"https:\/\/nellsteel.dem-serviceplus.com\/index.php\/wp-json\/wp\/v2\/comments?post=142"}],"version-history":[{"count":12,"href":"https:\/\/nellsteel.dem-serviceplus.com\/index.php\/wp-json\/wp\/v2\/pages\/142\/revisions"}],"predecessor-version":[{"id":305,"href":"https:\/\/nellsteel.dem-serviceplus.com\/index.php\/wp-json\/wp\/v2\/pages\/142\/revisions\/305"}],"wp:attachment":[{"href":"https:\/\/nellsteel.dem-serviceplus.com\/index.php\/wp-json\/wp\/v2\/media?parent=142"}],"curies":[{"name":"wp","href":"https:\/\/api.w.org\/{rel}","templated":true}]}}